{"id":1048,"date":"2020-08-04T09:45:19","date_gmt":"2020-08-04T09:45:19","guid":{"rendered":"http:\/\/lionsacademy.pt\/lionsac\/?page_id=1048"},"modified":"2023-09-19T15:41:43","modified_gmt":"2023-09-19T15:41:43","slug":"contacto-en","status":"publish","type":"page","link":"http:\/\/lionsacademy.pt\/lionsac\/?page_id=1048&lang=en","title":{"rendered":"Contacto EN"},"content":{"rendered":"<h1>Pre-registrations open<\/h1>\n<p>Join our ativities<\/p>\n<h3 style=\"text-align: left;\"><strong>Lions Academy\u00a0<\/strong>High Performance Academic Centre<\/h3>\n<p style=\"text-align: left;\">Rua Al\u00e3o de Morais, 83, 3700-127, S\u00e3o Jo\u00e3o da Madeira<br \/>S\u00e3o Jo\u00e3o da Madeira\u00a0| Aveiro | Portugal<\/p>\n<p style=\"text-align: left;\">Rua Dr. Serafim Correia Pinto Guimar\u00e3es, 855, 4520-103, Santa Maria da Feira<br \/>Santa Maria da Feira\u00a0| Aveiro | Portugal<\/p>\n<p>Rua da Azenha, 315, 4505-037 Argoncilhe<br \/>Santa Maria da Feira | Aveiro | Portugal<\/p>\n<p style=\"text-align: left;\">Telefone: 961622704 | Email:\u00a0geral@lionsacademy.pt<br \/>Skype: lionsacademy.pt | Twitter: @lionsacademy_pt | Instagram: lionsacademy.pt | Facebook: @lionsacademy.pt<\/p>\n","protected":false},"excerpt":{"rendered":"<p>Pre-registrations open Join our ativities Lions Academy\u00a0High Performance Academic Centre Rua Al\u00e3o de Morais, 83, 3700-127, S\u00e3o Jo\u00e3o da MadeiraS\u00e3o Jo\u00e3o da Madeira\u00a0| Aveiro | Portugal Rua Dr. Serafim Correia Pinto Guimar\u00e3es, 855, 4520-103, Santa Maria da FeiraSanta Maria da &hellip;<\/p>\n","protected":false},"author":1,"featured_media":0,"parent":0,"menu_order":0,"comment_status":"closed","ping_status":"closed","template":"","meta":[],"_links":{"self":[{"href":"http:\/\/lionsacademy.pt\/lionsac\/index.php?rest_route=\/wp\/v2\/pages\/1048"}],"collection":[{"href":"http:\/\/lionsacademy.pt\/lionsac\/index.php?rest_route=\/wp\/v2\/pages"}],"about":[{"href":"http:\/\/lionsacademy.pt\/lionsac\/index.php?rest_route=\/wp\/v2\/types\/page"}],"author":[{"embeddable":true,"href":"http:\/\/lionsacademy.pt\/lionsac\/index.php?rest_route=\/wp\/v2\/users\/1"}],"replies":[{"embeddable":true,"href":"http:\/\/lionsacademy.pt\/lionsac\/index.php?rest_route=%2Fwp%2Fv2%2Fcomments&post=1048"}],"version-history":[{"count":6,"href":"http:\/\/lionsacademy.pt\/lionsac\/index.php?rest_route=\/wp\/v2\/pages\/1048\/revisions"}],"predecessor-version":[{"id":1278,"href":"http:\/\/lionsacademy.pt\/lionsac\/index.php?rest_route=\/wp\/v2\/pages\/1048\/revisions\/1278"}],"wp:attachment":[{"href":"http:\/\/lionsacademy.pt\/lionsac\/index.php?rest_route=%2Fwp%2Fv2%2Fmedia&parent=1048"}],"curies":[{"name":"wp","href":"https:\/\/api.w.org\/{rel}","templated":true}]}}