{"id":1023,"date":"2020-08-04T09:14:33","date_gmt":"2020-08-04T09:14:33","guid":{"rendered":"http:\/\/lionsacademy.pt\/lionsac\/portal-english\/"},"modified":"2023-09-07T08:18:53","modified_gmt":"2023-09-07T08:18:53","slug":"portal-english","status":"publish","type":"page","link":"https:\/\/lionsacademy.pt\/lionsac\/?page_id=1023&lang=en","title":{"rendered":"Portal &#8211; English"},"content":{"rendered":"<h3 style=\"text-align: left;\"><strong>Lions Academy\u00a0<\/strong>High Performance Academic Centre<\/h3>\n<p style=\"text-align: left;\">Rua Al\u00e3o de Morais, 83, 3700-127, S\u00e3o Jo\u00e3o da Madeira<br \/>\nS\u00e3o Jo\u00e3o da Madeira\u00a0| Aveiro | Portugal<\/p>\n<p style=\"text-align: left;\">Rua Dr. Serafim Correia Pinto Guimar\u00e3es, 855, 4520-103, Santa Maria da Feira<br \/>\nSanta Maria da Feira\u00a0| Aveiro | Portugal<\/p>\n<p>Rua da Azenha, 315, 4505-037 Argoncilhe<br \/>\nSanta Maria da Feira | Aveiro | Portugal<\/p>\n<p style=\"text-align: left;\">Telefone: 961622704 | Email:\u00a0geral@lionsacademy.pt<br \/>\nSkype: lionsacademy.pt | Twitter: @lionsacademy_pt | Instagram: lionsacademy.pt | Facebook: @lionsacademy.pt<\/p>\n","protected":false},"excerpt":{"rendered":"<p>Lions Academy\u00a0High Performance Academic Centre Rua Al\u00e3o de Morais, 83, 3700-127, S\u00e3o Jo\u00e3o da Madeira S\u00e3o Jo\u00e3o da Madeira\u00a0| Aveiro | Portugal Rua Dr. Serafim Correia Pinto Guimar\u00e3es, 855, 4520-103, Santa Maria da Feira Santa Maria da Feira\u00a0| Aveiro | &hellip;<\/p>\n","protected":false},"author":1,"featured_media":0,"parent":0,"menu_order":0,"comment_status":"closed","ping_status":"closed","template":"","meta":[],"_links":{"self":[{"href":"https:\/\/lionsacademy.pt\/lionsac\/index.php?rest_route=\/wp\/v2\/pages\/1023"}],"collection":[{"href":"https:\/\/lionsacademy.pt\/lionsac\/index.php?rest_route=\/wp\/v2\/pages"}],"about":[{"href":"https:\/\/lionsacademy.pt\/lionsac\/index.php?rest_route=\/wp\/v2\/types\/page"}],"author":[{"embeddable":true,"href":"https:\/\/lionsacademy.pt\/lionsac\/index.php?rest_route=\/wp\/v2\/users\/1"}],"replies":[{"embeddable":true,"href":"https:\/\/lionsacademy.pt\/lionsac\/index.php?rest_route=%2Fwp%2Fv2%2Fcomments&post=1023"}],"version-history":[{"count":8,"href":"https:\/\/lionsacademy.pt\/lionsac\/index.php?rest_route=\/wp\/v2\/pages\/1023\/revisions"}],"predecessor-version":[{"id":1249,"href":"https:\/\/lionsacademy.pt\/lionsac\/index.php?rest_route=\/wp\/v2\/pages\/1023\/revisions\/1249"}],"wp:attachment":[{"href":"https:\/\/lionsacademy.pt\/lionsac\/index.php?rest_route=%2Fwp%2Fv2%2Fmedia&parent=1023"}],"curies":[{"name":"wp","href":"https:\/\/api.w.org\/{rel}","templated":true}]}}